{"id":2396,"date":"2018-07-22T11:16:39","date_gmt":"2018-07-22T11:16:39","guid":{"rendered":"http:\/\/stalbanstuebli.ch\/?page_id=2396"},"modified":"2023-04-18T21:55:02","modified_gmt":"2023-04-18T19:55:02","slug":"wyy-stuebli-mit-10-plaetzen","status":"publish","type":"page","link":"https:\/\/stalbanstuebli.ch\/?page_id=2396","title":{"rendered":"Wyy St\u00fcbli mit 10 Pl\u00e4tzen"},"content":{"rendered":"<div class=\"mpl-content-wrap\">\t\t<div data-elementor-type=\"wp-page\" data-elementor-id=\"2396\" class=\"elementor elementor-2396\" data-elementor-post-type=\"page\">\n\t\t\t\t\t\t<section class=\"elementor-section elementor-top-section elementor-element elementor-element-26c249bf elementor-section-boxed elementor-section-height-default elementor-section-height-default\" data-id=\"26c249bf\" data-element_type=\"section\" data-e-type=\"section\">\n\t\t\t\t\t\t<div class=\"elementor-container elementor-column-gap-default\">\n\t\t\t\t\t<div class=\"elementor-column elementor-col-100 elementor-top-column elementor-element elementor-element-3247bbf9\" data-id=\"3247bbf9\" data-element_type=\"column\" data-e-type=\"column\">\n\t\t\t<div class=\"elementor-widget-wrap elementor-element-populated\">\n\t\t\t\t\t\t<div class=\"elementor-element elementor-element-3bf8e558 elementor-widget elementor-widget-text-editor\" data-id=\"3bf8e558\" data-element_type=\"widget\" data-e-type=\"widget\" data-widget_type=\"text-editor.default\">\n\t\t\t\t<div class=\"elementor-widget-container\">\n\t\t\t\t\t\t\t\t\t<div id=\"metaslider-id-2390\" style=\"max-width: 1000px; margin: 0 auto;\" class=\"ml-slider-3-107-0 metaslider metaslider-flex metaslider-2390 ml-slider has-dots-nav ms-theme-default\" role=\"region\" aria-label=\"New Slideshow\" data-height=\"500\" data-width=\"1000\">\n    <div id=\"metaslider_container_2390\">\n        <div id=\"metaslider_2390\">\n            <ul class='slides'>\n                <li style=\"display: block; width: 100%;\" class=\"slide-2471 ms-image \" aria-roledescription=\"slide\" data-date=\"2018-07-28 15:36:18\" data-filename=\"IMG_9429-1.jpg\" data-slide-type=\"image\"><img fetchpriority=\"high\" decoding=\"async\" width=\"5184\" height=\"3456\" src=\"https:\/\/stalbanstuebli.ch\/wp-content\/uploads\/2018\/07\/IMG_9429-1.jpg\" class=\"slider-2390 slide-2471 msDefaultImage\" alt=\"\" rel=\"\" title=\"IMG_9429\" style=\"margin: 0 auto; width: 75%\" srcset=\"https:\/\/stalbanstuebli.ch\/wp-content\/uploads\/2018\/07\/IMG_9429-1.jpg 5184w, https:\/\/stalbanstuebli.ch\/wp-content\/uploads\/2018\/07\/IMG_9429-1-300x200.jpg 300w, https:\/\/stalbanstuebli.ch\/wp-content\/uploads\/2018\/07\/IMG_9429-1-768x512.jpg 768w, https:\/\/stalbanstuebli.ch\/wp-content\/uploads\/2018\/07\/IMG_9429-1-1024x683.jpg 1024w\" sizes=\"(max-width: 5184px) 100vw, 5184px\" \/><\/li>\n                <li style=\"display: none; width: 100%;\" class=\"slide-2472 ms-image \" aria-roledescription=\"slide\" data-date=\"2018-07-28 15:36:25\" data-filename=\"IMG_9445.jpg\" data-slide-type=\"image\"><img decoding=\"async\" width=\"4784\" height=\"3379\" src=\"https:\/\/stalbanstuebli.ch\/wp-content\/uploads\/2018\/07\/IMG_9445.jpg\" class=\"slider-2390 slide-2472 msDefaultImage\" alt=\"\" rel=\"\" title=\"IMG_9445\" style=\"margin: 0 auto; width: 70.790174607872%\" srcset=\"https:\/\/stalbanstuebli.ch\/wp-content\/uploads\/2018\/07\/IMG_9445.jpg 4784w, https:\/\/stalbanstuebli.ch\/wp-content\/uploads\/2018\/07\/IMG_9445-300x212.jpg 300w, https:\/\/stalbanstuebli.ch\/wp-content\/uploads\/2018\/07\/IMG_9445-768x542.jpg 768w, https:\/\/stalbanstuebli.ch\/wp-content\/uploads\/2018\/07\/IMG_9445-1024x723.jpg 1024w\" sizes=\"(max-width: 4784px) 100vw, 4784px\" \/><\/li>\n                <li style=\"display: none; width: 100%;\" class=\"slide-2492 ms-image \" aria-roledescription=\"slide\" data-date=\"2018-07-28 16:06:53\" data-filename=\"IMG_9460-2.jpg\" data-slide-type=\"image\"><img decoding=\"async\" width=\"3153\" height=\"3907\" src=\"https:\/\/stalbanstuebli.ch\/wp-content\/uploads\/2018\/07\/IMG_9460-2.jpg\" class=\"slider-2390 slide-2492 msDefaultImage\" alt=\"\" rel=\"\" title=\"IMG_9460\" style=\"margin: 0 auto; width: 40.350652674686%\" srcset=\"https:\/\/stalbanstuebli.ch\/wp-content\/uploads\/2018\/07\/IMG_9460-2.jpg 3153w, https:\/\/stalbanstuebli.ch\/wp-content\/uploads\/2018\/07\/IMG_9460-2-242x300.jpg 242w, https:\/\/stalbanstuebli.ch\/wp-content\/uploads\/2018\/07\/IMG_9460-2-768x952.jpg 768w, https:\/\/stalbanstuebli.ch\/wp-content\/uploads\/2018\/07\/IMG_9460-2-826x1024.jpg 826w\" sizes=\"(max-width: 3153px) 100vw, 3153px\" \/><\/li>\n            <\/ul>\n        <\/div>\n        \n    <\/div>\n<\/div>\t\t\t\t\t\t\t\t<\/div>\n\t\t\t\t<\/div>\n\t\t\t\t<div class=\"elementor-element elementor-element-9b0f0a1 elementor-widget elementor-widget-spacer\" data-id=\"9b0f0a1\" data-element_type=\"widget\" data-e-type=\"widget\" data-widget_type=\"spacer.default\">\n\t\t\t\t<div class=\"elementor-widget-container\">\n\t\t\t\t\t\t\t<div class=\"elementor-spacer\">\n\t\t\t<div class=\"elementor-spacer-inner\"><\/div>\n\t\t<\/div>\n\t\t\t\t\t\t<\/div>\n\t\t\t\t<\/div>\n\t\t\t\t\t<\/div>\n\t\t<\/div>\n\t\t\t\t\t<\/div>\n\t\t<\/section>\n\t\t\t\t<section class=\"elementor-section elementor-top-section elementor-element elementor-element-046f350 elementor-section-boxed elementor-section-height-default elementor-section-height-default\" data-id=\"046f350\" data-element_type=\"section\" data-e-type=\"section\">\n\t\t\t\t\t\t<div class=\"elementor-container elementor-column-gap-default\">\n\t\t\t\t\t<div class=\"elementor-column elementor-col-100 elementor-top-column elementor-element elementor-element-2c52496\" data-id=\"2c52496\" data-element_type=\"column\" data-e-type=\"column\">\n\t\t\t<div class=\"elementor-widget-wrap elementor-element-populated\">\n\t\t\t\t\t\t<div class=\"elementor-element elementor-element-9158e15 elementor-align-center elementor-widget elementor-widget-button\" data-id=\"9158e15\" data-element_type=\"widget\" data-e-type=\"widget\" data-widget_type=\"button.default\">\n\t\t\t\t<div class=\"elementor-widget-container\">\n\t\t\t\t\t\t\t\t\t<div class=\"elementor-button-wrapper\">\n\t\t\t\t\t<a class=\"elementor-button elementor-button-link elementor-size-sm\" href=\"https:\/\/stalbanstuebli.ch\/#feiernundmeetings\">\n\t\t\t\t\t\t<span class=\"elementor-button-content-wrapper\">\n\t\t\t\t\t\t<span class=\"elementor-button-icon\">\n\t\t\t\t<i aria-hidden=\"true\" class=\"far fa-hand-point-left\"><\/i>\t\t\t<\/span>\n\t\t\t\t\t\t\t\t\t<span class=\"elementor-button-text\">zur\u00fcck<\/span>\n\t\t\t\t\t<\/span>\n\t\t\t\t\t<\/a>\n\t\t\t\t<\/div>\n\t\t\t\t\t\t\t\t<\/div>\n\t\t\t\t<\/div>\n\t\t\t\t\t<\/div>\n\t\t<\/div>\n\t\t\t\t\t<\/div>\n\t\t<\/section>\n\t\t\t\t<\/div>\n\t\t<\/div>","protected":false},"excerpt":{"rendered":"<p>zur\u00fcck<\/p>\n","protected":false},"author":1,"featured_media":0,"parent":0,"menu_order":0,"comment_status":"closed","ping_status":"closed","template":"","meta":{"neve_meta_sidebar":"","neve_meta_container":"","neve_meta_enable_content_width":"","neve_meta_content_width":0,"neve_meta_title_alignment":"","neve_meta_author_avatar":"","neve_post_elements_order":"","neve_meta_disable_header":"","neve_meta_disable_footer":"","neve_meta_disable_title":"","footnotes":""},"class_list":["post-2396","page","type-page","status-publish","hentry"],"yoast_head":"<!-- This site is optimized with the Yoast SEO plugin v27.3 - https:\/\/yoast.com\/product\/yoast-seo-wordpress\/ -->\n<title>Wyy St\u00fcbli mit 10 Pl\u00e4tzen - St. Alban St\u00fcbli<\/title>\n<meta name=\"robots\" content=\"noindex, nofollow\" \/>\n<meta property=\"og:locale\" content=\"de_DE\" \/>\n<meta property=\"og:type\" content=\"article\" \/>\n<meta property=\"og:title\" content=\"Wyy St\u00fcbli mit 10 Pl\u00e4tzen - St. Alban St\u00fcbli\" \/>\n<meta property=\"og:description\" content=\"zur\u00fcck\" \/>\n<meta property=\"og:url\" content=\"https:\/\/stalbanstuebli.ch\/?page_id=2396\" \/>\n<meta property=\"og:site_name\" content=\"St. Alban St\u00fcbli\" \/>\n<meta property=\"article:modified_time\" content=\"2023-04-18T19:55:02+00:00\" \/>\n<meta name=\"twitter:card\" content=\"summary_large_image\" \/>\n<meta name=\"twitter:label1\" content=\"Gesch\u00e4tzte Lesezeit\" \/>\n\t<meta name=\"twitter:data1\" content=\"1\u00a0Minute\" \/>\n<script type=\"application\/ld+json\" class=\"yoast-schema-graph\">{\"@context\":\"https:\\\/\\\/schema.org\",\"@graph\":[{\"@type\":\"WebPage\",\"@id\":\"https:\\\/\\\/stalbanstuebli.ch\\\/?page_id=2396\",\"url\":\"https:\\\/\\\/stalbanstuebli.ch\\\/?page_id=2396\",\"name\":\"Wyy St\u00fcbli mit 10 Pl\u00e4tzen - St. Alban St\u00fcbli\",\"isPartOf\":{\"@id\":\"https:\\\/\\\/stalbanstuebli.ch\\\/#website\"},\"datePublished\":\"2018-07-22T11:16:39+00:00\",\"dateModified\":\"2023-04-18T19:55:02+00:00\",\"breadcrumb\":{\"@id\":\"https:\\\/\\\/stalbanstuebli.ch\\\/?page_id=2396#breadcrumb\"},\"inLanguage\":\"de\",\"potentialAction\":[{\"@type\":\"ReadAction\",\"target\":[\"https:\\\/\\\/stalbanstuebli.ch\\\/?page_id=2396\"]}]},{\"@type\":\"BreadcrumbList\",\"@id\":\"https:\\\/\\\/stalbanstuebli.ch\\\/?page_id=2396#breadcrumb\",\"itemListElement\":[{\"@type\":\"ListItem\",\"position\":1,\"name\":\"Startseite\",\"item\":\"https:\\\/\\\/stalbanstuebli.ch\\\/\"},{\"@type\":\"ListItem\",\"position\":2,\"name\":\"Wyy St\u00fcbli mit 10 Pl\u00e4tzen\"}]},{\"@type\":\"WebSite\",\"@id\":\"https:\\\/\\\/stalbanstuebli.ch\\\/#website\",\"url\":\"https:\\\/\\\/stalbanstuebli.ch\\\/\",\"name\":\"St. Alban St\u00fcbli\",\"description\":\"\",\"potentialAction\":[{\"@type\":\"SearchAction\",\"target\":{\"@type\":\"EntryPoint\",\"urlTemplate\":\"https:\\\/\\\/stalbanstuebli.ch\\\/?s={search_term_string}\"},\"query-input\":{\"@type\":\"PropertyValueSpecification\",\"valueRequired\":true,\"valueName\":\"search_term_string\"}}],\"inLanguage\":\"de\"}]}<\/script>\n<!-- \/ Yoast SEO plugin. -->","yoast_head_json":{"title":"Wyy St\u00fcbli mit 10 Pl\u00e4tzen - St. Alban St\u00fcbli","robots":{"index":"noindex","follow":"nofollow"},"og_locale":"de_DE","og_type":"article","og_title":"Wyy St\u00fcbli mit 10 Pl\u00e4tzen - St. Alban St\u00fcbli","og_description":"zur\u00fcck","og_url":"https:\/\/stalbanstuebli.ch\/?page_id=2396","og_site_name":"St. Alban St\u00fcbli","article_modified_time":"2023-04-18T19:55:02+00:00","twitter_card":"summary_large_image","twitter_misc":{"Gesch\u00e4tzte Lesezeit":"1\u00a0Minute"},"schema":{"@context":"https:\/\/schema.org","@graph":[{"@type":"WebPage","@id":"https:\/\/stalbanstuebli.ch\/?page_id=2396","url":"https:\/\/stalbanstuebli.ch\/?page_id=2396","name":"Wyy St\u00fcbli mit 10 Pl\u00e4tzen - St. Alban St\u00fcbli","isPartOf":{"@id":"https:\/\/stalbanstuebli.ch\/#website"},"datePublished":"2018-07-22T11:16:39+00:00","dateModified":"2023-04-18T19:55:02+00:00","breadcrumb":{"@id":"https:\/\/stalbanstuebli.ch\/?page_id=2396#breadcrumb"},"inLanguage":"de","potentialAction":[{"@type":"ReadAction","target":["https:\/\/stalbanstuebli.ch\/?page_id=2396"]}]},{"@type":"BreadcrumbList","@id":"https:\/\/stalbanstuebli.ch\/?page_id=2396#breadcrumb","itemListElement":[{"@type":"ListItem","position":1,"name":"Startseite","item":"https:\/\/stalbanstuebli.ch\/"},{"@type":"ListItem","position":2,"name":"Wyy St\u00fcbli mit 10 Pl\u00e4tzen"}]},{"@type":"WebSite","@id":"https:\/\/stalbanstuebli.ch\/#website","url":"https:\/\/stalbanstuebli.ch\/","name":"St. Alban St\u00fcbli","description":"","potentialAction":[{"@type":"SearchAction","target":{"@type":"EntryPoint","urlTemplate":"https:\/\/stalbanstuebli.ch\/?s={search_term_string}"},"query-input":{"@type":"PropertyValueSpecification","valueRequired":true,"valueName":"search_term_string"}}],"inLanguage":"de"}]}},"_links":{"self":[{"href":"https:\/\/stalbanstuebli.ch\/index.php?rest_route=\/wp\/v2\/pages\/2396","targetHints":{"allow":["GET"]}}],"collection":[{"href":"https:\/\/stalbanstuebli.ch\/index.php?rest_route=\/wp\/v2\/pages"}],"about":[{"href":"https:\/\/stalbanstuebli.ch\/index.php?rest_route=\/wp\/v2\/types\/page"}],"author":[{"embeddable":true,"href":"https:\/\/stalbanstuebli.ch\/index.php?rest_route=\/wp\/v2\/users\/1"}],"replies":[{"embeddable":true,"href":"https:\/\/stalbanstuebli.ch\/index.php?rest_route=%2Fwp%2Fv2%2Fcomments&post=2396"}],"version-history":[{"count":6,"href":"https:\/\/stalbanstuebli.ch\/index.php?rest_route=\/wp\/v2\/pages\/2396\/revisions"}],"predecessor-version":[{"id":4936,"href":"https:\/\/stalbanstuebli.ch\/index.php?rest_route=\/wp\/v2\/pages\/2396\/revisions\/4936"}],"wp:attachment":[{"href":"https:\/\/stalbanstuebli.ch\/index.php?rest_route=%2Fwp%2Fv2%2Fmedia&parent=2396"}],"curies":[{"name":"wp","href":"https:\/\/api.w.org\/{rel}","templated":true}]}}