{"id":2388,"date":"2018-07-22T11:10:33","date_gmt":"2018-07-22T11:10:33","guid":{"rendered":"http:\/\/stalbanstuebli.ch\/?page_id=2388"},"modified":"2023-04-18T21:56:35","modified_gmt":"2023-04-18T19:56:35","slug":"garten-mit-40-plaetzen","status":"publish","type":"page","link":"https:\/\/stalbanstuebli.ch\/?page_id=2388","title":{"rendered":"Garten mit 40 Pl\u00e4tzen"},"content":{"rendered":"<div class=\"mpl-content-wrap\">\t\t<div data-elementor-type=\"wp-page\" data-elementor-id=\"2388\" class=\"elementor elementor-2388\" data-elementor-post-type=\"page\">\n\t\t\t\t\t\t<section class=\"elementor-section elementor-top-section elementor-element elementor-element-14940e5e elementor-section-boxed elementor-section-height-default elementor-section-height-default\" data-id=\"14940e5e\" data-element_type=\"section\" data-e-type=\"section\">\n\t\t\t\t\t\t<div class=\"elementor-container elementor-column-gap-default\">\n\t\t\t\t\t<div class=\"elementor-column elementor-col-100 elementor-top-column elementor-element elementor-element-5eaeff89\" data-id=\"5eaeff89\" data-element_type=\"column\" data-e-type=\"column\">\n\t\t\t<div class=\"elementor-widget-wrap elementor-element-populated\">\n\t\t\t\t\t\t<div class=\"elementor-element elementor-element-37c1c657 elementor-widget elementor-widget-text-editor\" data-id=\"37c1c657\" data-element_type=\"widget\" data-e-type=\"widget\" data-widget_type=\"text-editor.default\">\n\t\t\t\t<div class=\"elementor-widget-container\">\n\t\t\t\t\t\t\t\t\t<div id=\"metaslider-id-2383\" style=\"max-width: 1000px; margin: 0 auto;\" class=\"ml-slider-3-107-0 metaslider metaslider-flex metaslider-2383 ml-slider has-dots-nav ms-theme-default\" role=\"region\" aria-label=\"New Slideshow\" data-height=\"500\" data-width=\"1000\">\n    <div id=\"metaslider_container_2383\">\n        <div id=\"metaslider_2383\">\n            <ul class='slides'>\n                <li style=\"display: block; width: 100%;\" class=\"slide-2473 ms-image \" aria-roledescription=\"slide\" data-date=\"2018-07-28 15:37:53\" data-filename=\"IMG_9576.jpg\" data-slide-type=\"image\"><img fetchpriority=\"high\" decoding=\"async\" width=\"3333\" height=\"5007\" src=\"https:\/\/stalbanstuebli.ch\/wp-content\/uploads\/2018\/07\/IMG_9576.jpg\" class=\"slider-2383 slide-2473 msDefaultImage\" alt=\"\" rel=\"\" title=\"IMG_9576\" style=\"margin: 0 auto; width: 33.28340323547%\" srcset=\"https:\/\/stalbanstuebli.ch\/wp-content\/uploads\/2018\/07\/IMG_9576.jpg 3333w, https:\/\/stalbanstuebli.ch\/wp-content\/uploads\/2018\/07\/IMG_9576-200x300.jpg 200w, https:\/\/stalbanstuebli.ch\/wp-content\/uploads\/2018\/07\/IMG_9576-768x1154.jpg 768w, https:\/\/stalbanstuebli.ch\/wp-content\/uploads\/2018\/07\/IMG_9576-682x1024.jpg 682w\" sizes=\"(max-width: 3333px) 100vw, 3333px\" \/><\/li>\n                <li style=\"display: none; width: 100%;\" class=\"slide-2474 ms-image \" aria-roledescription=\"slide\" data-date=\"2018-07-28 15:38:10\" data-filename=\"IMG_9556.jpg\" data-slide-type=\"image\"><img decoding=\"async\" width=\"5184\" height=\"3456\" src=\"https:\/\/stalbanstuebli.ch\/wp-content\/uploads\/2018\/07\/IMG_9556.jpg\" class=\"slider-2383 slide-2474 msDefaultImage\" alt=\"\" rel=\"\" title=\"IMG_9556\" style=\"margin: 0 auto; width: 75%\" srcset=\"https:\/\/stalbanstuebli.ch\/wp-content\/uploads\/2018\/07\/IMG_9556.jpg 5184w, https:\/\/stalbanstuebli.ch\/wp-content\/uploads\/2018\/07\/IMG_9556-300x200.jpg 300w, https:\/\/stalbanstuebli.ch\/wp-content\/uploads\/2018\/07\/IMG_9556-768x512.jpg 768w, https:\/\/stalbanstuebli.ch\/wp-content\/uploads\/2018\/07\/IMG_9556-1024x683.jpg 1024w\" sizes=\"(max-width: 5184px) 100vw, 5184px\" \/><\/li>\n                <li style=\"display: none; width: 100%;\" class=\"slide-2475 ms-image \" aria-roledescription=\"slide\" data-date=\"2018-07-28 15:38:38\" data-filename=\"IMG_9542.jpg\" data-slide-type=\"image\"><img decoding=\"async\" width=\"4162\" height=\"3454\" src=\"https:\/\/stalbanstuebli.ch\/wp-content\/uploads\/2018\/07\/IMG_9542.jpg\" class=\"slider-2383 slide-2475 msDefaultImage\" alt=\"\" rel=\"\" title=\"IMG_9542\" style=\"margin: 0 auto; width: 60.248986682108%\" srcset=\"https:\/\/stalbanstuebli.ch\/wp-content\/uploads\/2018\/07\/IMG_9542.jpg 4162w, https:\/\/stalbanstuebli.ch\/wp-content\/uploads\/2018\/07\/IMG_9542-300x249.jpg 300w, https:\/\/stalbanstuebli.ch\/wp-content\/uploads\/2018\/07\/IMG_9542-768x637.jpg 768w, https:\/\/stalbanstuebli.ch\/wp-content\/uploads\/2018\/07\/IMG_9542-1024x850.jpg 1024w\" sizes=\"(max-width: 4162px) 100vw, 4162px\" \/><\/li>\n            <\/ul>\n        <\/div>\n        \n    <\/div>\n<\/div>\t\t\t\t\t\t\t\t<\/div>\n\t\t\t\t<\/div>\n\t\t\t\t\t<\/div>\n\t\t<\/div>\n\t\t\t\t\t<\/div>\n\t\t<\/section>\n\t\t\t\t<section class=\"elementor-section elementor-top-section elementor-element elementor-element-6530697 elementor-section-boxed elementor-section-height-default elementor-section-height-default\" data-id=\"6530697\" data-element_type=\"section\" data-e-type=\"section\">\n\t\t\t\t\t\t<div class=\"elementor-container elementor-column-gap-default\">\n\t\t\t\t\t<div class=\"elementor-column elementor-col-100 elementor-top-column elementor-element elementor-element-1a96363\" data-id=\"1a96363\" data-element_type=\"column\" data-e-type=\"column\">\n\t\t\t<div class=\"elementor-widget-wrap elementor-element-populated\">\n\t\t\t\t\t\t<div class=\"elementor-element elementor-element-6e05c09 elementor-widget elementor-widget-spacer\" data-id=\"6e05c09\" data-element_type=\"widget\" data-e-type=\"widget\" data-widget_type=\"spacer.default\">\n\t\t\t\t<div class=\"elementor-widget-container\">\n\t\t\t\t\t\t\t<div class=\"elementor-spacer\">\n\t\t\t<div class=\"elementor-spacer-inner\"><\/div>\n\t\t<\/div>\n\t\t\t\t\t\t<\/div>\n\t\t\t\t<\/div>\n\t\t\t\t<div class=\"elementor-element elementor-element-dd963d4 elementor-align-center elementor-widget elementor-widget-button\" data-id=\"dd963d4\" data-element_type=\"widget\" data-e-type=\"widget\" data-widget_type=\"button.default\">\n\t\t\t\t<div class=\"elementor-widget-container\">\n\t\t\t\t\t\t\t\t\t<div class=\"elementor-button-wrapper\">\n\t\t\t\t\t<a class=\"elementor-button elementor-button-link elementor-size-sm\" href=\"https:\/\/stalbanstuebli.ch\/#feiernundmeetings\">\n\t\t\t\t\t\t<span class=\"elementor-button-content-wrapper\">\n\t\t\t\t\t\t<span class=\"elementor-button-icon\">\n\t\t\t\t<i aria-hidden=\"true\" class=\"far fa-hand-point-left\"><\/i>\t\t\t<\/span>\n\t\t\t\t\t\t\t\t\t<span class=\"elementor-button-text\">zur\u00fcck<\/span>\n\t\t\t\t\t<\/span>\n\t\t\t\t\t<\/a>\n\t\t\t\t<\/div>\n\t\t\t\t\t\t\t\t<\/div>\n\t\t\t\t<\/div>\n\t\t\t\t\t<\/div>\n\t\t<\/div>\n\t\t\t\t\t<\/div>\n\t\t<\/section>\n\t\t\t\t<\/div>\n\t\t<\/div>","protected":false},"excerpt":{"rendered":"<p>zur\u00fcck<\/p>\n","protected":false},"author":1,"featured_media":0,"parent":0,"menu_order":0,"comment_status":"closed","ping_status":"closed","template":"","meta":{"neve_meta_sidebar":"","neve_meta_container":"","neve_meta_enable_content_width":"","neve_meta_content_width":0,"neve_meta_title_alignment":"","neve_meta_author_avatar":"","neve_post_elements_order":"","neve_meta_disable_header":"","neve_meta_disable_footer":"","neve_meta_disable_title":"","footnotes":""},"class_list":["post-2388","page","type-page","status-publish","hentry"],"yoast_head":"<!-- This site is optimized with the Yoast SEO plugin v27.3 - https:\/\/yoast.com\/product\/yoast-seo-wordpress\/ -->\n<title>Garten mit 40 Pl\u00e4tzen - St. Alban St\u00fcbli<\/title>\n<meta name=\"robots\" content=\"noindex, nofollow\" \/>\n<meta property=\"og:locale\" content=\"de_DE\" \/>\n<meta property=\"og:type\" content=\"article\" \/>\n<meta property=\"og:title\" content=\"Garten mit 40 Pl\u00e4tzen - St. Alban St\u00fcbli\" \/>\n<meta property=\"og:description\" content=\"zur\u00fcck\" \/>\n<meta property=\"og:url\" content=\"https:\/\/stalbanstuebli.ch\/?page_id=2388\" \/>\n<meta property=\"og:site_name\" content=\"St. Alban St\u00fcbli\" \/>\n<meta property=\"article:modified_time\" content=\"2023-04-18T19:56:35+00:00\" \/>\n<meta name=\"twitter:card\" content=\"summary_large_image\" \/>\n<meta name=\"twitter:label1\" content=\"Gesch\u00e4tzte Lesezeit\" \/>\n\t<meta name=\"twitter:data1\" content=\"1\u00a0Minute\" \/>\n<script type=\"application\/ld+json\" class=\"yoast-schema-graph\">{\"@context\":\"https:\\\/\\\/schema.org\",\"@graph\":[{\"@type\":\"WebPage\",\"@id\":\"https:\\\/\\\/stalbanstuebli.ch\\\/?page_id=2388\",\"url\":\"https:\\\/\\\/stalbanstuebli.ch\\\/?page_id=2388\",\"name\":\"Garten mit 40 Pl\u00e4tzen - St. Alban St\u00fcbli\",\"isPartOf\":{\"@id\":\"https:\\\/\\\/stalbanstuebli.ch\\\/#website\"},\"datePublished\":\"2018-07-22T11:10:33+00:00\",\"dateModified\":\"2023-04-18T19:56:35+00:00\",\"breadcrumb\":{\"@id\":\"https:\\\/\\\/stalbanstuebli.ch\\\/?page_id=2388#breadcrumb\"},\"inLanguage\":\"de\",\"potentialAction\":[{\"@type\":\"ReadAction\",\"target\":[\"https:\\\/\\\/stalbanstuebli.ch\\\/?page_id=2388\"]}]},{\"@type\":\"BreadcrumbList\",\"@id\":\"https:\\\/\\\/stalbanstuebli.ch\\\/?page_id=2388#breadcrumb\",\"itemListElement\":[{\"@type\":\"ListItem\",\"position\":1,\"name\":\"Startseite\",\"item\":\"https:\\\/\\\/stalbanstuebli.ch\\\/\"},{\"@type\":\"ListItem\",\"position\":2,\"name\":\"Garten mit 40 Pl\u00e4tzen\"}]},{\"@type\":\"WebSite\",\"@id\":\"https:\\\/\\\/stalbanstuebli.ch\\\/#website\",\"url\":\"https:\\\/\\\/stalbanstuebli.ch\\\/\",\"name\":\"St. Alban St\u00fcbli\",\"description\":\"\",\"potentialAction\":[{\"@type\":\"SearchAction\",\"target\":{\"@type\":\"EntryPoint\",\"urlTemplate\":\"https:\\\/\\\/stalbanstuebli.ch\\\/?s={search_term_string}\"},\"query-input\":{\"@type\":\"PropertyValueSpecification\",\"valueRequired\":true,\"valueName\":\"search_term_string\"}}],\"inLanguage\":\"de\"}]}<\/script>\n<!-- \/ Yoast SEO plugin. -->","yoast_head_json":{"title":"Garten mit 40 Pl\u00e4tzen - St. Alban St\u00fcbli","robots":{"index":"noindex","follow":"nofollow"},"og_locale":"de_DE","og_type":"article","og_title":"Garten mit 40 Pl\u00e4tzen - St. Alban St\u00fcbli","og_description":"zur\u00fcck","og_url":"https:\/\/stalbanstuebli.ch\/?page_id=2388","og_site_name":"St. Alban St\u00fcbli","article_modified_time":"2023-04-18T19:56:35+00:00","twitter_card":"summary_large_image","twitter_misc":{"Gesch\u00e4tzte Lesezeit":"1\u00a0Minute"},"schema":{"@context":"https:\/\/schema.org","@graph":[{"@type":"WebPage","@id":"https:\/\/stalbanstuebli.ch\/?page_id=2388","url":"https:\/\/stalbanstuebli.ch\/?page_id=2388","name":"Garten mit 40 Pl\u00e4tzen - St. Alban St\u00fcbli","isPartOf":{"@id":"https:\/\/stalbanstuebli.ch\/#website"},"datePublished":"2018-07-22T11:10:33+00:00","dateModified":"2023-04-18T19:56:35+00:00","breadcrumb":{"@id":"https:\/\/stalbanstuebli.ch\/?page_id=2388#breadcrumb"},"inLanguage":"de","potentialAction":[{"@type":"ReadAction","target":["https:\/\/stalbanstuebli.ch\/?page_id=2388"]}]},{"@type":"BreadcrumbList","@id":"https:\/\/stalbanstuebli.ch\/?page_id=2388#breadcrumb","itemListElement":[{"@type":"ListItem","position":1,"name":"Startseite","item":"https:\/\/stalbanstuebli.ch\/"},{"@type":"ListItem","position":2,"name":"Garten mit 40 Pl\u00e4tzen"}]},{"@type":"WebSite","@id":"https:\/\/stalbanstuebli.ch\/#website","url":"https:\/\/stalbanstuebli.ch\/","name":"St. Alban St\u00fcbli","description":"","potentialAction":[{"@type":"SearchAction","target":{"@type":"EntryPoint","urlTemplate":"https:\/\/stalbanstuebli.ch\/?s={search_term_string}"},"query-input":{"@type":"PropertyValueSpecification","valueRequired":true,"valueName":"search_term_string"}}],"inLanguage":"de"}]}},"_links":{"self":[{"href":"https:\/\/stalbanstuebli.ch\/index.php?rest_route=\/wp\/v2\/pages\/2388","targetHints":{"allow":["GET"]}}],"collection":[{"href":"https:\/\/stalbanstuebli.ch\/index.php?rest_route=\/wp\/v2\/pages"}],"about":[{"href":"https:\/\/stalbanstuebli.ch\/index.php?rest_route=\/wp\/v2\/types\/page"}],"author":[{"embeddable":true,"href":"https:\/\/stalbanstuebli.ch\/index.php?rest_route=\/wp\/v2\/users\/1"}],"replies":[{"embeddable":true,"href":"https:\/\/stalbanstuebli.ch\/index.php?rest_route=%2Fwp%2Fv2%2Fcomments&post=2388"}],"version-history":[{"count":5,"href":"https:\/\/stalbanstuebli.ch\/index.php?rest_route=\/wp\/v2\/pages\/2388\/revisions"}],"predecessor-version":[{"id":4939,"href":"https:\/\/stalbanstuebli.ch\/index.php?rest_route=\/wp\/v2\/pages\/2388\/revisions\/4939"}],"wp:attachment":[{"href":"https:\/\/stalbanstuebli.ch\/index.php?rest_route=%2Fwp%2Fv2%2Fmedia&parent=2388"}],"curies":[{"name":"wp","href":"https:\/\/api.w.org\/{rel}","templated":true}]}}