{"id":2378,"date":"2018-07-22T10:34:21","date_gmt":"2018-07-22T10:34:21","guid":{"rendered":"http:\/\/stalbanstuebli.ch\/?page_id=2378"},"modified":"2023-04-18T21:53:43","modified_gmt":"2023-04-18T19:53:43","slug":"restaurant-mit-50-plaetzen","status":"publish","type":"page","link":"https:\/\/stalbanstuebli.ch\/?page_id=2378","title":{"rendered":"Restaurant mit 50 Pl\u00e4tzen"},"content":{"rendered":"<div class=\"mpl-content-wrap\">\t\t<div data-elementor-type=\"wp-page\" data-elementor-id=\"2378\" class=\"elementor elementor-2378\" data-elementor-post-type=\"page\">\n\t\t\t\t\t\t<section class=\"elementor-section elementor-top-section elementor-element elementor-element-38603296 elementor-section-boxed elementor-section-height-default elementor-section-height-default\" data-id=\"38603296\" data-element_type=\"section\" data-e-type=\"section\">\n\t\t\t\t\t\t<div class=\"elementor-container elementor-column-gap-default\">\n\t\t\t\t\t<div class=\"elementor-column elementor-col-100 elementor-top-column elementor-element elementor-element-23d76459\" data-id=\"23d76459\" data-element_type=\"column\" data-e-type=\"column\">\n\t\t\t<div class=\"elementor-widget-wrap elementor-element-populated\">\n\t\t\t\t\t\t<div class=\"elementor-element elementor-element-46b8176 elementor-widget elementor-widget-text-editor\" data-id=\"46b8176\" data-element_type=\"widget\" data-e-type=\"widget\" data-widget_type=\"text-editor.default\">\n\t\t\t\t<div class=\"elementor-widget-container\">\n\t\t\t\t\t\t\t\t\t<div id=\"metaslider-id-2324\" style=\"max-width: 1000px; margin: 0 auto;\" class=\"ml-slider-3-107-0 metaslider metaslider-flex metaslider-2324 ml-slider has-dots-nav ms-theme-default\" role=\"region\" aria-label=\"New Slideshow\" data-height=\"500\" data-width=\"1000\">\n    <div id=\"metaslider_container_2324\">\n        <div id=\"metaslider_2324\">\n            <ul class='slides'>\n                <li style=\"display: block; width: 100%;\" class=\"slide-2476 ms-image \" aria-roledescription=\"slide\" data-date=\"2018-07-28 15:41:10\" data-filename=\"IMG_9406-2.jpg\" data-slide-type=\"image\"><img fetchpriority=\"high\" decoding=\"async\" width=\"4539\" height=\"3127\" src=\"https:\/\/stalbanstuebli.ch\/wp-content\/uploads\/2018\/07\/IMG_9406-2.jpg\" class=\"slider-2324 slide-2476 msDefaultImage\" alt=\"\" rel=\"\" title=\"IMG_9406\" style=\"margin: 0 auto; width: 72.577550367765%\" srcset=\"https:\/\/stalbanstuebli.ch\/wp-content\/uploads\/2018\/07\/IMG_9406-2.jpg 4539w, https:\/\/stalbanstuebli.ch\/wp-content\/uploads\/2018\/07\/IMG_9406-2-300x207.jpg 300w, https:\/\/stalbanstuebli.ch\/wp-content\/uploads\/2018\/07\/IMG_9406-2-768x529.jpg 768w, https:\/\/stalbanstuebli.ch\/wp-content\/uploads\/2018\/07\/IMG_9406-2-1024x705.jpg 1024w\" sizes=\"(max-width: 4539px) 100vw, 4539px\" \/><\/li>\n                <li style=\"display: none; width: 100%;\" class=\"slide-2478 ms-image \" aria-roledescription=\"slide\" data-date=\"2018-07-28 15:41:38\" data-filename=\"IMG_9425.jpg\" data-slide-type=\"image\"><img decoding=\"async\" width=\"5012\" height=\"3456\" src=\"https:\/\/stalbanstuebli.ch\/wp-content\/uploads\/2018\/07\/IMG_9425.jpg\" class=\"slider-2324 slide-2478 msDefaultImage\" alt=\"\" rel=\"\" title=\"IMG_9425\" style=\"margin: 0 auto; width: 72.511574074074%\" srcset=\"https:\/\/stalbanstuebli.ch\/wp-content\/uploads\/2018\/07\/IMG_9425.jpg 5012w, https:\/\/stalbanstuebli.ch\/wp-content\/uploads\/2018\/07\/IMG_9425-300x207.jpg 300w, https:\/\/stalbanstuebli.ch\/wp-content\/uploads\/2018\/07\/IMG_9425-768x530.jpg 768w, https:\/\/stalbanstuebli.ch\/wp-content\/uploads\/2018\/07\/IMG_9425-1024x706.jpg 1024w\" sizes=\"(max-width: 5012px) 100vw, 5012px\" \/><\/li>\n                <li style=\"display: none; width: 100%;\" class=\"slide-2477 ms-image \" aria-roledescription=\"slide\" data-date=\"2018-07-28 15:41:27\" data-filename=\"IMG_9417-1.jpg\" data-slide-type=\"image\"><img decoding=\"async\" width=\"3927\" height=\"2879\" src=\"https:\/\/stalbanstuebli.ch\/wp-content\/uploads\/2018\/07\/IMG_9417-1.jpg\" class=\"slider-2324 slide-2477 msDefaultImage\" alt=\"\" rel=\"\" title=\"IMG_9417\" style=\"margin: 0 auto; width: 68.20076415422%\" srcset=\"https:\/\/stalbanstuebli.ch\/wp-content\/uploads\/2018\/07\/IMG_9417-1.jpg 3927w, https:\/\/stalbanstuebli.ch\/wp-content\/uploads\/2018\/07\/IMG_9417-1-300x220.jpg 300w, https:\/\/stalbanstuebli.ch\/wp-content\/uploads\/2018\/07\/IMG_9417-1-768x563.jpg 768w, https:\/\/stalbanstuebli.ch\/wp-content\/uploads\/2018\/07\/IMG_9417-1-1024x751.jpg 1024w\" sizes=\"(max-width: 3927px) 100vw, 3927px\" \/><\/li>\n            <\/ul>\n        <\/div>\n        \n    <\/div>\n<\/div>\t\t\t\t\t\t\t\t<\/div>\n\t\t\t\t<\/div>\n\t\t\t\t<div class=\"elementor-element elementor-element-3648dfe elementor-widget elementor-widget-spacer\" data-id=\"3648dfe\" data-element_type=\"widget\" data-e-type=\"widget\" data-widget_type=\"spacer.default\">\n\t\t\t\t<div class=\"elementor-widget-container\">\n\t\t\t\t\t\t\t<div class=\"elementor-spacer\">\n\t\t\t<div class=\"elementor-spacer-inner\"><\/div>\n\t\t<\/div>\n\t\t\t\t\t\t<\/div>\n\t\t\t\t<\/div>\n\t\t\t\t\t<\/div>\n\t\t<\/div>\n\t\t\t\t\t<\/div>\n\t\t<\/section>\n\t\t\t\t<section class=\"elementor-section elementor-top-section elementor-element elementor-element-0d2a245 elementor-section-boxed elementor-section-height-default elementor-section-height-default\" data-id=\"0d2a245\" data-element_type=\"section\" data-e-type=\"section\">\n\t\t\t\t\t\t<div class=\"elementor-container elementor-column-gap-default\">\n\t\t\t\t\t<div class=\"elementor-column elementor-col-100 elementor-top-column elementor-element elementor-element-1cefb64\" data-id=\"1cefb64\" data-element_type=\"column\" data-e-type=\"column\">\n\t\t\t<div class=\"elementor-widget-wrap elementor-element-populated\">\n\t\t\t\t\t\t<div class=\"elementor-element elementor-element-1602dca elementor-align-center elementor-widget elementor-widget-button\" data-id=\"1602dca\" data-element_type=\"widget\" data-e-type=\"widget\" data-widget_type=\"button.default\">\n\t\t\t\t<div class=\"elementor-widget-container\">\n\t\t\t\t\t\t\t\t\t<div class=\"elementor-button-wrapper\">\n\t\t\t\t\t<a class=\"elementor-button elementor-button-link elementor-size-sm\" href=\"https:\/\/stalbanstuebli.ch\/#feiernundmeetings\">\n\t\t\t\t\t\t<span class=\"elementor-button-content-wrapper\">\n\t\t\t\t\t\t<span class=\"elementor-button-icon\">\n\t\t\t\t<i aria-hidden=\"true\" class=\"far fa-hand-point-left\"><\/i>\t\t\t<\/span>\n\t\t\t\t\t\t\t\t\t<span class=\"elementor-button-text\">zur\u00fcck<\/span>\n\t\t\t\t\t<\/span>\n\t\t\t\t\t<\/a>\n\t\t\t\t<\/div>\n\t\t\t\t\t\t\t\t<\/div>\n\t\t\t\t<\/div>\n\t\t\t\t\t<\/div>\n\t\t<\/div>\n\t\t\t\t\t<\/div>\n\t\t<\/section>\n\t\t\t\t<\/div>\n\t\t<\/div>","protected":false},"excerpt":{"rendered":"<p>zur\u00fcck<\/p>\n","protected":false},"author":1,"featured_media":0,"parent":0,"menu_order":0,"comment_status":"closed","ping_status":"closed","template":"","meta":{"neve_meta_sidebar":"","neve_meta_container":"","neve_meta_enable_content_width":"","neve_meta_content_width":0,"neve_meta_title_alignment":"","neve_meta_author_avatar":"","neve_post_elements_order":"","neve_meta_disable_header":"","neve_meta_disable_footer":"","neve_meta_disable_title":"","footnotes":""},"class_list":["post-2378","page","type-page","status-publish","hentry"],"yoast_head":"<!-- This site is optimized with the Yoast SEO plugin v27.3 - https:\/\/yoast.com\/product\/yoast-seo-wordpress\/ -->\n<title>Restaurant mit 50 Pl\u00e4tzen - St. Alban St\u00fcbli<\/title>\n<meta name=\"robots\" content=\"noindex, nofollow\" \/>\n<meta property=\"og:locale\" content=\"de_DE\" \/>\n<meta property=\"og:type\" content=\"article\" \/>\n<meta property=\"og:title\" content=\"Restaurant mit 50 Pl\u00e4tzen - St. Alban St\u00fcbli\" \/>\n<meta property=\"og:description\" content=\"zur\u00fcck\" \/>\n<meta property=\"og:url\" content=\"https:\/\/stalbanstuebli.ch\/?page_id=2378\" \/>\n<meta property=\"og:site_name\" content=\"St. Alban St\u00fcbli\" \/>\n<meta property=\"article:modified_time\" content=\"2023-04-18T19:53:43+00:00\" \/>\n<meta name=\"twitter:card\" content=\"summary_large_image\" \/>\n<meta name=\"twitter:label1\" content=\"Gesch\u00e4tzte Lesezeit\" \/>\n\t<meta name=\"twitter:data1\" content=\"1\u00a0Minute\" \/>\n<script type=\"application\/ld+json\" class=\"yoast-schema-graph\">{\"@context\":\"https:\\\/\\\/schema.org\",\"@graph\":[{\"@type\":\"WebPage\",\"@id\":\"https:\\\/\\\/stalbanstuebli.ch\\\/?page_id=2378\",\"url\":\"https:\\\/\\\/stalbanstuebli.ch\\\/?page_id=2378\",\"name\":\"Restaurant mit 50 Pl\u00e4tzen - St. Alban St\u00fcbli\",\"isPartOf\":{\"@id\":\"https:\\\/\\\/stalbanstuebli.ch\\\/#website\"},\"datePublished\":\"2018-07-22T10:34:21+00:00\",\"dateModified\":\"2023-04-18T19:53:43+00:00\",\"breadcrumb\":{\"@id\":\"https:\\\/\\\/stalbanstuebli.ch\\\/?page_id=2378#breadcrumb\"},\"inLanguage\":\"de\",\"potentialAction\":[{\"@type\":\"ReadAction\",\"target\":[\"https:\\\/\\\/stalbanstuebli.ch\\\/?page_id=2378\"]}]},{\"@type\":\"BreadcrumbList\",\"@id\":\"https:\\\/\\\/stalbanstuebli.ch\\\/?page_id=2378#breadcrumb\",\"itemListElement\":[{\"@type\":\"ListItem\",\"position\":1,\"name\":\"Startseite\",\"item\":\"https:\\\/\\\/stalbanstuebli.ch\\\/\"},{\"@type\":\"ListItem\",\"position\":2,\"name\":\"Restaurant mit 50 Pl\u00e4tzen\"}]},{\"@type\":\"WebSite\",\"@id\":\"https:\\\/\\\/stalbanstuebli.ch\\\/#website\",\"url\":\"https:\\\/\\\/stalbanstuebli.ch\\\/\",\"name\":\"St. Alban St\u00fcbli\",\"description\":\"\",\"potentialAction\":[{\"@type\":\"SearchAction\",\"target\":{\"@type\":\"EntryPoint\",\"urlTemplate\":\"https:\\\/\\\/stalbanstuebli.ch\\\/?s={search_term_string}\"},\"query-input\":{\"@type\":\"PropertyValueSpecification\",\"valueRequired\":true,\"valueName\":\"search_term_string\"}}],\"inLanguage\":\"de\"}]}<\/script>\n<!-- \/ Yoast SEO plugin. -->","yoast_head_json":{"title":"Restaurant mit 50 Pl\u00e4tzen - St. Alban St\u00fcbli","robots":{"index":"noindex","follow":"nofollow"},"og_locale":"de_DE","og_type":"article","og_title":"Restaurant mit 50 Pl\u00e4tzen - St. Alban St\u00fcbli","og_description":"zur\u00fcck","og_url":"https:\/\/stalbanstuebli.ch\/?page_id=2378","og_site_name":"St. Alban St\u00fcbli","article_modified_time":"2023-04-18T19:53:43+00:00","twitter_card":"summary_large_image","twitter_misc":{"Gesch\u00e4tzte Lesezeit":"1\u00a0Minute"},"schema":{"@context":"https:\/\/schema.org","@graph":[{"@type":"WebPage","@id":"https:\/\/stalbanstuebli.ch\/?page_id=2378","url":"https:\/\/stalbanstuebli.ch\/?page_id=2378","name":"Restaurant mit 50 Pl\u00e4tzen - St. Alban St\u00fcbli","isPartOf":{"@id":"https:\/\/stalbanstuebli.ch\/#website"},"datePublished":"2018-07-22T10:34:21+00:00","dateModified":"2023-04-18T19:53:43+00:00","breadcrumb":{"@id":"https:\/\/stalbanstuebli.ch\/?page_id=2378#breadcrumb"},"inLanguage":"de","potentialAction":[{"@type":"ReadAction","target":["https:\/\/stalbanstuebli.ch\/?page_id=2378"]}]},{"@type":"BreadcrumbList","@id":"https:\/\/stalbanstuebli.ch\/?page_id=2378#breadcrumb","itemListElement":[{"@type":"ListItem","position":1,"name":"Startseite","item":"https:\/\/stalbanstuebli.ch\/"},{"@type":"ListItem","position":2,"name":"Restaurant mit 50 Pl\u00e4tzen"}]},{"@type":"WebSite","@id":"https:\/\/stalbanstuebli.ch\/#website","url":"https:\/\/stalbanstuebli.ch\/","name":"St. Alban St\u00fcbli","description":"","potentialAction":[{"@type":"SearchAction","target":{"@type":"EntryPoint","urlTemplate":"https:\/\/stalbanstuebli.ch\/?s={search_term_string}"},"query-input":{"@type":"PropertyValueSpecification","valueRequired":true,"valueName":"search_term_string"}}],"inLanguage":"de"}]}},"_links":{"self":[{"href":"https:\/\/stalbanstuebli.ch\/index.php?rest_route=\/wp\/v2\/pages\/2378","targetHints":{"allow":["GET"]}}],"collection":[{"href":"https:\/\/stalbanstuebli.ch\/index.php?rest_route=\/wp\/v2\/pages"}],"about":[{"href":"https:\/\/stalbanstuebli.ch\/index.php?rest_route=\/wp\/v2\/types\/page"}],"author":[{"embeddable":true,"href":"https:\/\/stalbanstuebli.ch\/index.php?rest_route=\/wp\/v2\/users\/1"}],"replies":[{"embeddable":true,"href":"https:\/\/stalbanstuebli.ch\/index.php?rest_route=%2Fwp%2Fv2%2Fcomments&post=2378"}],"version-history":[{"count":7,"href":"https:\/\/stalbanstuebli.ch\/index.php?rest_route=\/wp\/v2\/pages\/2378\/revisions"}],"predecessor-version":[{"id":4935,"href":"https:\/\/stalbanstuebli.ch\/index.php?rest_route=\/wp\/v2\/pages\/2378\/revisions\/4935"}],"wp:attachment":[{"href":"https:\/\/stalbanstuebli.ch\/index.php?rest_route=%2Fwp%2Fv2%2Fmedia&parent=2378"}],"curies":[{"name":"wp","href":"https:\/\/api.w.org\/{rel}","templated":true}]}}